{"id":1443,"date":"2013-03-21T13:57:13","date_gmt":"2013-03-21T12:57:13","guid":{"rendered":"http:\/\/www.tantaki.hu\/blog\/?page_id=1443"},"modified":"2015-03-11T11:29:27","modified_gmt":"2015-03-11T10:29:27","slug":"tagsag","status":"publish","type":"page","link":"https:\/\/www.tantaki.hu\/blog\/tagsag\/","title":{"rendered":"Tags\u00e1g"},"content":{"rendered":"<p>&nbsp;<\/p>\n<h3>Nincs hozz\u00e1f\u00e9r\u00e9sed ennek az oktat\u00f3programnak az online haszn\u00e1lat\u00e1hoz!<\/h3>\n<p>V\u00e1s\u00e1rold meg a sz\u00fcks\u00e9ges hozz\u00e1f\u00e9r\u00e9st. Tov\u00e1bbi inform\u00e1ci\u00f3: <a href=\"http:\/\/www.tantaki.hu\/kapcsolat\">www.tantaki.hu\/kapcsolat<\/a><\/p>\n<p>&nbsp;<\/p>\n<p>&nbsp;<\/p>\n","protected":false},"excerpt":{"rendered":"<p>&nbsp; Nincs hozz\u00e1f\u00e9r\u00e9sed ennek az oktat\u00f3programnak az online haszn\u00e1lat\u00e1hoz! V\u00e1s\u00e1rold meg a sz\u00fcks\u00e9ges hozz\u00e1f\u00e9r\u00e9st. Tov\u00e1bbi inform\u00e1ci\u00f3: www.tantaki.hu\/kapcsolat &nbsp; &nbsp;<\/p>\n","protected":false},"author":1,"featured_media":0,"parent":0,"menu_order":0,"comment_status":"open","ping_status":"open","template":"","meta":{"footnotes":""},"aioseo_notices":[],"_links":{"self":[{"href":"https:\/\/www.tantaki.hu\/blog\/wp-json\/wp\/v2\/pages\/1443"}],"collection":[{"href":"https:\/\/www.tantaki.hu\/blog\/wp-json\/wp\/v2\/pages"}],"about":[{"href":"https:\/\/www.tantaki.hu\/blog\/wp-json\/wp\/v2\/types\/page"}],"author":[{"embeddable":true,"href":"https:\/\/www.tantaki.hu\/blog\/wp-json\/wp\/v2\/users\/1"}],"replies":[{"embeddable":true,"href":"https:\/\/www.tantaki.hu\/blog\/wp-json\/wp\/v2\/comments?post=1443"}],"version-history":[{"count":11,"href":"https:\/\/www.tantaki.hu\/blog\/wp-json\/wp\/v2\/pages\/1443\/revisions"}],"predecessor-version":[{"id":2949,"href":"https:\/\/www.tantaki.hu\/blog\/wp-json\/wp\/v2\/pages\/1443\/revisions\/2949"}],"wp:attachment":[{"href":"https:\/\/www.tantaki.hu\/blog\/wp-json\/wp\/v2\/media?parent=1443"}],"curies":[{"name":"wp","href":"https:\/\/api.w.org\/{rel}","templated":true}]}}