{"id":5162,"date":"2021-06-18T11:09:23","date_gmt":"2021-06-18T09:09:23","guid":{"rendered":"http:\/\/www.tantaki.hu\/blog\/?page_id=5162"},"modified":"2021-06-18T11:18:17","modified_gmt":"2021-06-18T09:18:17","slug":"a-nyar-veszelyei","status":"publish","type":"page","link":"https:\/\/www.tantaki.hu\/blog\/a-nyar-veszelyei\/","title":{"rendered":"A ny\u00e1r vesz\u00e9lyei"},"content":{"rendered":"\n<h2 class=\"wp-block-heading\"><strong>Amikor a gyerek ny\u00e1ron mindent elfelejt<\/strong><\/h2>\n\n\n\n<p>Juli \u00e9s Laci p\u00e1r h\u00f3nappal ezel\u0151tt k\u00f6lt\u00f6ztek a szomsz\u00e9dunkba. A kisfiuk, Misi egyid\u0151s a mi l\u00e1nyunkkal. Gyakran \u00f6sszefutok vel\u00fck, amikor valamelyik\u00fck k\u00eds\u00e9ri a kissr\u00e1cot reggel az iskol\u00e1ba, vagy \u00e9pp edz\u00e9sr\u0151l hozza hazafel\u00e9. Misi \u00e9letreval\u00f3, bar\u00e1ts\u00e1gos gyerek. Az a fajta, aki az els\u0151re h\u00edv\u00f3sz\u00f3ra rohan focizni a t\u00f6bbiekkel suli ut\u00e1n, \u00e9s ha l\u00e1t egy gazd\u00e1tlan kuty\u00e1t, akkor a csal\u00e1di h\u0171t\u0151b\u0151l mindig juttat neki p\u00e1r szelet felv\u00e1gottat.<br><\/p>\n\n\n\n<div class=\"wp-block-image\"><figure class=\"aligncenter size-large\"><img fetchpriority=\"high\" decoding=\"async\" width=\"620\" height=\"414\" src=\"https:\/\/www.tantaki.hu\/blog\/wp-content\/uploads\/2021\/06\/bigstock-Cheerful-Boy-Looking-At-Camera-302170267-620x414.jpg\" alt=\"\" class=\"wp-image-5163\" srcset=\"https:\/\/www.tantaki.hu\/blog\/wp-content\/uploads\/2021\/06\/bigstock-Cheerful-Boy-Looking-At-Camera-302170267-620x414.jpg 620w, https:\/\/www.tantaki.hu\/blog\/wp-content\/uploads\/2021\/06\/bigstock-Cheerful-Boy-Looking-At-Camera-302170267-300x200.jpg 300w, https:\/\/www.tantaki.hu\/blog\/wp-content\/uploads\/2021\/06\/bigstock-Cheerful-Boy-Looking-At-Camera-302170267-768x513.jpg 768w, https:\/\/www.tantaki.hu\/blog\/wp-content\/uploads\/2021\/06\/bigstock-Cheerful-Boy-Looking-At-Camera-302170267-1536x1025.jpg 1536w, https:\/\/www.tantaki.hu\/blog\/wp-content\/uploads\/2021\/06\/bigstock-Cheerful-Boy-Looking-At-Camera-302170267-2048x1367.jpg 2048w\" sizes=\"(max-width: 620px) 100vw, 620px\" \/><\/figure><\/div>\n\n\n\n<p>Tegnap d\u00e9lut\u00e1n, hazafel\u00e9 menet Juliba botlottam, aki a h\u00e1zuk bej\u00e1rata el\u0151tt \u00e1llt, \u00e9s a postal\u00e1d\u00e1t \u00fcr\u00edtette ki \u00e9pp. R\u00e1k\u00f6sz\u00f6ntem, de el\u0151sz\u00f6r nem is hallotta. Gondterheltnek t\u0171nt, \u00fagyhogy odamentem hozz\u00e1, hogy kifaggassam. Elmondta, hogy Lacival minden rendben van k\u00f6z\u00f6tt\u00fck, \u00e9s a munkahely\u00e9n sincs semmi extra. Misinek is viszonylag j\u00f3l siker\u00fclt az \u00e9vz\u00e1r\u00e1s, eg\u00e9sz j\u00f3 jegyeket szerzett, de att\u00f3l tart, hogy ugyanaz fog megism\u00e9tl\u0151dni, ami tavaly. Az t\u00f6rt\u00e9nt ugyanis, hogy \u00e9v elej\u00e9n, amikor elkezd\u0151d\u00f6tt a suli, Misi egyik rossz jegyet vitte haza a m\u00e1sik ut\u00e1n. <\/p>\n\n\n\n<h2 class=\"wp-block-heading\">Juli el\u0151sz\u00f6r nem \u00e9rtette, mi t\u00f6rt\u00e9nik. <\/h2>\n\n\n\n<p>Nem figyel oda a gyerek az \u00f3r\u00e1n? <br>Vagy valami m\u00e1s probl\u00e9m\u00e1ja van, ami miatt nem tud a tanul\u00e1ssal foglalkozni? <br><strong>D\u00e9lut\u00e1nonk\u00e9nt, amikor haza\u00e9rt, \u00e9s le\u00fclt uzsonn\u00e1zni, alig evett.<\/strong> \u00dagy n\u00e9zett ki, mint aki szorong. Reggelente stresszesen indult el otthonr\u00f3l. Teljesen elvesztette az \u00f6nbizalm\u00e1t, ami mind a kommunik\u00e1ci\u00f3j\u00e1ban, mind a cselekedeteiben megmutatkozott. Szinte elt\u0171nt az a lelkes, mozg\u00e9kony, hat\u00e1rozott kisfi\u00fa, aki kor\u00e1bban mindig is volt. Teltek a hetek \u00e9s a gyerek tov\u00e1bbra is rosszul teljes\u00edtett. Juli nem tudta elk\u00e9pzelni, hogy mi t\u00f6rt\u00e9nik. M\u00e1r az is megfordult a fej\u00e9ben, hogy tal\u00e1n valamelyik oszt\u00e1lyt\u00e1rsa zaklatja, csak a gyerek nem besz\u00e9l r\u00f3la. Pr\u00f3b\u00e1lt seg\u00edteni a fi\u00e1nak. <\/p>\n\n\n\n<div class=\"wp-block-image\"><figure class=\"alignleft size-large is-resized\"><img decoding=\"async\" src=\"https:\/\/www.tantaki.hu\/blog\/wp-content\/uploads\/2017\/12\/osszezavarodott-620x413.jpg\" alt=\"\" class=\"wp-image-4968\" width=\"366\" height=\"244\" srcset=\"https:\/\/www.tantaki.hu\/blog\/wp-content\/uploads\/2017\/12\/osszezavarodott-620x413.jpg 620w, https:\/\/www.tantaki.hu\/blog\/wp-content\/uploads\/2017\/12\/osszezavarodott-300x200.jpg 300w, https:\/\/www.tantaki.hu\/blog\/wp-content\/uploads\/2017\/12\/osszezavarodott-768x511.jpg 768w, https:\/\/www.tantaki.hu\/blog\/wp-content\/uploads\/2017\/12\/osszezavarodott.jpg 849w\" sizes=\"(max-width: 366px) 100vw, 366px\" \/><\/figure><\/div>\n\n\n\n<p><strong>Egyik d\u00e9lut\u00e1n bement a szob\u00e1j\u00e1ba azzal az elgondol\u00e1ssal, hogy majd tanul vele.<\/strong> A gyerek egy matematika k\u00f6nyv f\u00f6l\u00f6tt \u00fccs\u00f6rg\u00f6tt, teljesen elveszett arcot v\u00e1gva. Juli pr\u00f3b\u00e1lta sz\u00f3ra b\u00edrni, de ez nem kis kih\u00edv\u00e1s volt a sz\u00e1m\u00e1ra, ugyanis eltelt vagy 15-20 perc, mire Misi egy\u00e1ltal\u00e1n hajland\u00f3 volt megsz\u00f3lalni. Csak \u00fclt a k\u00f6nyv felett, l\u00f3g\u00f3 orral.<\/p>\n\n\n\n<p><\/p>\n\n\n\n<p><br>Juli arra gondolt, hogy elkezdi t\u00fcrelmesen magyar\u00e1zni a feladatot, \u00e9s Misi majd felveszi a fonalat. \u00dagy t\u0171nt, hogy a kisfi\u00fa figyel arra, amit \u0151 mond, de azt\u00e1n a reakci\u00f3 teljesen m\u00e1s lett, mint amire sz\u00e1m\u00edtott. Misi hirtelen kifakadt, hogy \u0151 ezt nem tudja megcsin\u00e1lni \u00e9s neki ez \u00fagysem fog siker\u00fclni. Juli el\u00e9gg\u00e9 meglep\u0151d\u00f6tt ezeken a szavakon, de annak az\u00e9rt \u00f6r\u00fclt, hogy legal\u00e1bb m\u00e1r mond valamit a fia. <\/p>\n\n\n\n<p>T\u00e1madt egy \u00f6tlete. El\u0151vette az egy \u00e9vvel kor\u00e1bbi matematika k\u00f6nyvet \u00e9s kikeresett egy p\u00e9ld\u00e1t, amit annak idej\u00e9n a fia sikeresen oldott meg. Gondolta, hogy mivel ezt m\u00e1r tudja a gyerek, azzal seg\u00edt az \u00f6nbizalm\u00e1n, ha azt \u00fajra megcsin\u00e1ltatja vele.<br><strong>\u00c9s ekkor der\u00fclt ki, mi a probl\u00e9ma.<\/strong> Misi hozz\u00e1 sem tudott ny\u00falni a feladathoz. V\u00e9gre kib\u00f6kte, hogy az a baja, hogy a ny\u00e1ron mindent elfelejtett, amit tanult \u00e9s \u00edgy k\u00e9ptelen k\u00f6vetni az \u00f3r\u00e1kat az iskol\u00e1ban. Juli megk\u00f6nnyebb\u00fclt. Nem volt teh\u00e1t m\u00e1s, komolyabb gond, csup\u00e1n ennyi. Viszont ez meglehet\u0151sen nagy probl\u00e9ma volt a fi\u00e1nak. Azt\u00e1n rengeteg id\u0151 \u00e9s energia befektet\u00e9ssel felhozt\u00e1k a tud\u00e1s\u00e1t oda, hogy el tudta v\u00e9gezni az \u00e9vet, nem is olyan rossz jegyekkel. Most viszont Juli m\u00e1r el\u0151re tart t\u0151le, hogy majd \u0151sszel \u00fajra megt\u00f6rt\u00e9nik a dolog.<br>\u00d6r\u00fcltem, hogy megosztotta velem a gondj\u00e1t, mert elmondhattam neki, hogy erre van megold\u00e1s. Ezt a szitu\u00e1ci\u00f3t ugyanis el lehet ker\u00fclni a ny\u00e1ri gyakorl\u00e1ssal, ami fenntartja a tud\u00e1st. A Tantaki ny\u00e1ri gyakorl\u00f3it aj\u00e1nlottam neki, ami seg\u00edt abban, hogy a gyereket ne \u00e9rje sz\u00e9gyen a tan\u00e9vkezd\u00e9skor, \u00e9s ne kelljen megk\u00fczdenie ilyen lelki megpr\u00f3b\u00e1ltat\u00e1ssal.<\/p>\n\n\n\n<div class=\"wp-block-media-text alignwide is-stacked-on-mobile\"><figure class=\"wp-block-media-text__media\"><img decoding=\"async\" width=\"620\" height=\"391\" src=\"https:\/\/www.tantaki.hu\/blog\/wp-content\/uploads\/2021\/06\/nyarigyak-620x391.jpg\" alt=\"\" class=\"wp-image-5164 size-full\" srcset=\"https:\/\/www.tantaki.hu\/blog\/wp-content\/uploads\/2021\/06\/nyarigyak-620x391.jpg 620w, https:\/\/www.tantaki.hu\/blog\/wp-content\/uploads\/2021\/06\/nyarigyak-300x189.jpg 300w, https:\/\/www.tantaki.hu\/blog\/wp-content\/uploads\/2021\/06\/nyarigyak-768x484.jpg 768w, https:\/\/www.tantaki.hu\/blog\/wp-content\/uploads\/2021\/06\/nyarigyak.jpg 1412w\" sizes=\"(max-width: 620px) 100vw, 620px\" \/><\/figure><div class=\"wp-block-media-text__content\">\n<div class=\"wp-block-columns is-layout-flex wp-container-core-columns-layout-1 wp-block-columns-is-layout-flex\">\n<div class=\"wp-block-column is-layout-flow wp-block-column-is-layout-flow\" style=\"flex-basis:100%\">\n<blockquote class=\"wp-block-quote\"><p><strong>Ny\u00e1ri gyakorl\u00f3programok 1-8. oszt\u00e1lyosoknak<\/strong><\/p><cite>Hogy ne \u00e9rje meglepet\u00e9s gyermeked a tan\u00e9v elej\u00e9n.<\/cite><\/blockquote>\n<\/div>\n<\/div>\n\n\n\n<figure class=\"wp-block-image size-large\"><a href=\"https:\/\/www.onlinetantaki.hu\/p\/nyarigyakorlok\/c\/nyarigyakorloprogramok\"><img loading=\"lazy\" decoding=\"async\" width=\"400\" height=\"113\" src=\"https:\/\/www.tantaki.hu\/blog\/wp-content\/uploads\/2021\/06\/tovabb_wshez.png\" alt=\"\" class=\"wp-image-5165\" srcset=\"https:\/\/www.tantaki.hu\/blog\/wp-content\/uploads\/2021\/06\/tovabb_wshez.png 400w, https:\/\/www.tantaki.hu\/blog\/wp-content\/uploads\/2021\/06\/tovabb_wshez-300x85.png 300w\" sizes=\"(max-width: 400px) 100vw, 400px\" \/><\/a><\/figure>\n<\/div><\/div>\n","protected":false},"excerpt":{"rendered":"<p>Amikor a gyerek ny\u00e1ron mindent elfelejt Juli \u00e9s Laci p\u00e1r h\u00f3nappal ezel\u0151tt k\u00f6lt\u00f6ztek a szomsz\u00e9dunkba. A kisfiuk, Misi egyid\u0151s a mi l\u00e1nyunkkal. Gyakran \u00f6sszefutok vel\u00fck, amikor valamelyik\u00fck k\u00eds\u00e9ri a kissr\u00e1cot reggel az iskol\u00e1ba, vagy \u00e9pp edz\u00e9sr\u0151l hozza hazafel\u00e9. Misi \u00e9letreval\u00f3, bar\u00e1ts\u00e1gos gyerek. Az a fajta, aki az els\u0151re h\u00edv\u00f3sz\u00f3ra rohan focizni a t\u00f6bbiekkel suli ut\u00e1n, [&hellip;]<\/p>\n","protected":false},"author":1,"featured_media":0,"parent":0,"menu_order":0,"comment_status":"open","ping_status":"closed","template":"","meta":{"footnotes":""},"aioseo_notices":[],"_links":{"self":[{"href":"https:\/\/www.tantaki.hu\/blog\/wp-json\/wp\/v2\/pages\/5162"}],"collection":[{"href":"https:\/\/www.tantaki.hu\/blog\/wp-json\/wp\/v2\/pages"}],"about":[{"href":"https:\/\/www.tantaki.hu\/blog\/wp-json\/wp\/v2\/types\/page"}],"author":[{"embeddable":true,"href":"https:\/\/www.tantaki.hu\/blog\/wp-json\/wp\/v2\/users\/1"}],"replies":[{"embeddable":true,"href":"https:\/\/www.tantaki.hu\/blog\/wp-json\/wp\/v2\/comments?post=5162"}],"version-history":[{"count":1,"href":"https:\/\/www.tantaki.hu\/blog\/wp-json\/wp\/v2\/pages\/5162\/revisions"}],"predecessor-version":[{"id":5166,"href":"https:\/\/www.tantaki.hu\/blog\/wp-json\/wp\/v2\/pages\/5162\/revisions\/5166"}],"wp:attachment":[{"href":"https:\/\/www.tantaki.hu\/blog\/wp-json\/wp\/v2\/media?parent=5162"}],"curies":[{"name":"wp","href":"https:\/\/api.w.org\/{rel}","templated":true}]}}